{"id":15462,"date":"2022-10-20T12:19:30","date_gmt":"2022-10-20T10:19:30","guid":{"rendered":"https:\/\/www.belgiangreetings.com\/?page_id=15462"},"modified":"2024-10-28T12:24:58","modified_gmt":"2024-10-28T11:24:58","slug":"christmas-cards-stock-de","status":"publish","type":"page","link":"https:\/\/www.belgiangreetings.com\/en\/christmas-cards-stock-de\/","title":{"rendered":"Xmas Cards Available In Stock DE"},"content":{"rendered":"\t\t<div data-elementor-type=\"wp-page\" data-elementor-id=\"15462\" class=\"elementor elementor-15462\" data-elementor-settings=\"{&quot;ha_cmc_init_switcher&quot;:&quot;no&quot;}\" data-elementor-post-type=\"page\">\n\t\t\t\t\t\t<section class=\"elementor-section elementor-top-section elementor-element elementor-element-74fefee elementor-section-full_width elementor-section-height-default elementor-section-height-default\" data-id=\"74fefee\" data-element_type=\"section\" data-e-type=\"section\" data-settings=\"{&quot;_ha_eqh_enable&quot;:false}\">\n\t\t\t\t\t\t<div class=\"elementor-container elementor-column-gap-default\">\n\t\t\t\t\t<div class=\"elementor-column elementor-col-100 elementor-top-column elementor-element elementor-element-5ae4ed2\" data-id=\"5ae4ed2\" data-element_type=\"column\" data-e-type=\"column\">\n\t\t\t<div class=\"elementor-widget-wrap elementor-element-populated\">\n\t\t\t\t\t\t<section class=\"elementor-section elementor-inner-section elementor-element elementor-element-b6efc78 elementor-section-full_width elementor-section-height-default elementor-section-height-default\" data-id=\"b6efc78\" data-element_type=\"section\" data-e-type=\"section\" data-settings=\"{&quot;_ha_eqh_enable&quot;:false}\">\n\t\t\t\t\t\t<div class=\"elementor-container elementor-column-gap-default\">\n\t\t\t\t\t<div class=\"elementor-column elementor-col-100 elementor-inner-column elementor-element elementor-element-0694797\" data-id=\"0694797\" data-element_type=\"column\" data-e-type=\"column\">\n\t\t\t<div class=\"elementor-widget-wrap elementor-element-populated\">\n\t\t\t\t\t\t<div class=\"elementor-element elementor-element-63a119d elementor-widget elementor-widget-text-editor\" data-id=\"63a119d\" data-element_type=\"widget\" data-e-type=\"widget\" data-widget_type=\"text-editor.default\">\n\t\t\t\t<div class=\"elementor-widget-container\">\n\t\t\t\t\t\t\t\t\t<a style=\"color: #6a6a6a;\" href=\"https:\/\/belgiangreetings.com\/products\">Products<\/a> &gt; <a style=\"color: #6a6a6a;\" href=\"https:\/\/belgiangreetings.com\/greeting-cards\">Greeting Cards<\/a>\t\t\t\t\t\t\t\t<\/div>\n\t\t\t\t<\/div>\n\t\t\t\t<div class=\"elementor-element elementor-element-c975af3 elementor-widget elementor-widget-heading\" data-id=\"c975af3\" data-element_type=\"widget\" data-e-type=\"widget\" data-widget_type=\"heading.default\">\n\t\t\t\t<div class=\"elementor-widget-container\">\n\t\t\t\t\t<h1 class=\"elementor-heading-title elementor-size-default\">Christmas Cards in stock<\/h1>\t\t\t\t<\/div>\n\t\t\t\t<\/div>\n\t\t\t\t<div class=\"elementor-element elementor-element-c0b4d84 elementor-widget elementor-widget-text-editor\" data-id=\"c0b4d84\" data-element_type=\"widget\" data-e-type=\"widget\" data-widget_type=\"text-editor.default\">\n\t\t\t\t<div class=\"elementor-widget-container\">\n\t\t\t\t\t\t\t\t\tCards can be ordered from our stock. <a style=\"text-decoration: underline;\" href=\"https:\/\/belgiangreetings.com\/contact\">Contact us<\/a> for more information.\t\t\t\t\t\t\t\t<\/div>\n\t\t\t\t<\/div>\n\t\t\t\t\t<\/div>\n\t\t<\/div>\n\t\t\t\t\t<\/div>\n\t\t<\/section>\n\t\t\t\t\t<\/div>\n\t\t<\/div>\n\t\t\t\t\t<\/div>\n\t\t<\/section>\n\t\t\t\t<section class=\"elementor-section elementor-top-section elementor-element elementor-element-bfe76c7 elementor-section-full_width elementor-section-height-default elementor-section-height-default\" data-id=\"bfe76c7\" data-element_type=\"section\" data-e-type=\"section\" data-settings=\"{&quot;_ha_eqh_enable&quot;:false}\">\n\t\t\t\t\t\t<div class=\"elementor-container elementor-column-gap-default\">\n\t\t\t\t\t<div class=\"elementor-column elementor-col-16 elementor-top-column elementor-element elementor-element-7d14dbd\" data-id=\"7d14dbd\" data-element_type=\"column\" data-e-type=\"column\">\n\t\t\t<div class=\"elementor-widget-wrap elementor-element-populated\">\n\t\t\t\t\t\t<div class=\"elementor-element elementor-element-6d9ad5e elementor-widget elementor-widget-button\" data-id=\"6d9ad5e\" data-element_type=\"widget\" data-e-type=\"widget\" data-widget_type=\"button.default\">\n\t\t\t\t<div class=\"elementor-widget-container\">\n\t\t\t\t\t\t\t\t\t<div class=\"elementor-button-wrapper\">\n\t\t\t\t\t<a class=\"elementor-button elementor-button-link elementor-size-sm elementor-animation-grow\" href=\"https:\/\/belgiangreetings.com\/christmas-cards-stock-nl\">\n\t\t\t\t\t\t<span class=\"elementor-button-content-wrapper\">\n\t\t\t\t\t\t\t\t\t<span class=\"elementor-button-text\">Nederlands<\/span>\n\t\t\t\t\t<\/span>\n\t\t\t\t\t<\/a>\n\t\t\t\t<\/div>\n\t\t\t\t\t\t\t\t<\/div>\n\t\t\t\t<\/div>\n\t\t\t\t\t<\/div>\n\t\t<\/div>\n\t\t\t\t<div class=\"elementor-column elementor-col-16 elementor-top-column elementor-element elementor-element-3d0945a\" data-id=\"3d0945a\" data-element_type=\"column\" data-e-type=\"column\">\n\t\t\t<div class=\"elementor-widget-wrap elementor-element-populated\">\n\t\t\t\t\t\t<div class=\"elementor-element elementor-element-7cad3ef elementor-widget elementor-widget-button\" data-id=\"7cad3ef\" data-element_type=\"widget\" data-e-type=\"widget\" data-widget_type=\"button.default\">\n\t\t\t\t<div class=\"elementor-widget-container\">\n\t\t\t\t\t\t\t\t\t<div class=\"elementor-button-wrapper\">\n\t\t\t\t\t<a class=\"elementor-button elementor-button-link elementor-size-sm elementor-animation-grow\" href=\"https:\/\/www.belgiangreetings.com\/christmas-cards-stock-en\/\">\n\t\t\t\t\t\t<span class=\"elementor-button-content-wrapper\">\n\t\t\t\t\t\t\t\t\t<span class=\"elementor-button-text\">English<\/span>\n\t\t\t\t\t<\/span>\n\t\t\t\t\t<\/a>\n\t\t\t\t<\/div>\n\t\t\t\t\t\t\t\t<\/div>\n\t\t\t\t<\/div>\n\t\t\t\t\t<\/div>\n\t\t<\/div>\n\t\t\t\t<div class=\"elementor-column elementor-col-16 elementor-top-column elementor-element elementor-element-ed81fd6\" data-id=\"ed81fd6\" data-element_type=\"column\" data-e-type=\"column\">\n\t\t\t<div class=\"elementor-widget-wrap elementor-element-populated\">\n\t\t\t\t\t\t<div class=\"elementor-element elementor-element-faa38aa elementor-widget elementor-widget-button\" data-id=\"faa38aa\" data-element_type=\"widget\" data-e-type=\"widget\" data-widget_type=\"button.default\">\n\t\t\t\t<div class=\"elementor-widget-container\">\n\t\t\t\t\t\t\t\t\t<div class=\"elementor-button-wrapper\">\n\t\t\t\t\t<a class=\"elementor-button elementor-button-link elementor-size-sm elementor-animation-grow\" href=\"https:\/\/www.belgiangreetings.com\/christmas-cards-stock-fr\/\">\n\t\t\t\t\t\t<span class=\"elementor-button-content-wrapper\">\n\t\t\t\t\t\t\t\t\t<span class=\"elementor-button-text\">Fran\u00e7ais<\/span>\n\t\t\t\t\t<\/span>\n\t\t\t\t\t<\/a>\n\t\t\t\t<\/div>\n\t\t\t\t\t\t\t\t<\/div>\n\t\t\t\t<\/div>\n\t\t\t\t\t<\/div>\n\t\t<\/div>\n\t\t\t\t<div class=\"elementor-column elementor-col-16 elementor-top-column elementor-element elementor-element-ec7c201\" data-id=\"ec7c201\" data-element_type=\"column\" data-e-type=\"column\" data-settings=\"{&quot;background_background&quot;:&quot;classic&quot;}\">\n\t\t\t<div class=\"elementor-widget-wrap elementor-element-populated\">\n\t\t\t\t\t\t<div class=\"elementor-element elementor-element-ca8e385 elementor-widget elementor-widget-heading\" data-id=\"ca8e385\" data-element_type=\"widget\" data-e-type=\"widget\" data-widget_type=\"heading.default\">\n\t\t\t\t<div class=\"elementor-widget-container\">\n\t\t\t\t\t<h2 class=\"elementor-heading-title elementor-size-default\">Deutsch<\/h2>\t\t\t\t<\/div>\n\t\t\t\t<\/div>\n\t\t\t\t\t<\/div>\n\t\t<\/div>\n\t\t\t\t<div class=\"elementor-column elementor-col-16 elementor-top-column elementor-element elementor-element-6e25cf8\" data-id=\"6e25cf8\" data-element_type=\"column\" data-e-type=\"column\">\n\t\t\t<div class=\"elementor-widget-wrap\">\n\t\t\t\t\t\t\t<\/div>\n\t\t<\/div>\n\t\t\t\t<div class=\"elementor-column elementor-col-16 elementor-top-column elementor-element elementor-element-b66e9b2\" data-id=\"b66e9b2\" data-element_type=\"column\" data-e-type=\"column\">\n\t\t\t<div class=\"elementor-widget-wrap\">\n\t\t\t\t\t\t\t<\/div>\n\t\t<\/div>\n\t\t\t\t\t<\/div>\n\t\t<\/section>\n\t\t\t\t<section class=\"elementor-section elementor-top-section elementor-element elementor-element-04890ec elementor-section-full_width elementor-section-height-default elementor-section-height-default\" data-id=\"04890ec\" data-element_type=\"section\" data-e-type=\"section\" data-settings=\"{&quot;_ha_eqh_enable&quot;:false}\">\n\t\t\t\t\t\t<div class=\"elementor-container elementor-column-gap-default\">\n\t\t\t\t\t<div class=\"elementor-column elementor-col-100 elementor-top-column elementor-element elementor-element-31217be\" data-id=\"31217be\" data-element_type=\"column\" data-e-type=\"column\">\n\t\t\t<div class=\"elementor-widget-wrap elementor-element-populated\">\n\t\t\t\t\t\t<section class=\"elementor-section elementor-inner-section elementor-element elementor-element-c790409 elementor-section-full_width elementor-section-height-default elementor-section-height-default\" data-id=\"c790409\" data-element_type=\"section\" data-e-type=\"section\" data-settings=\"{&quot;background_background&quot;:&quot;classic&quot;,&quot;_ha_eqh_enable&quot;:false}\">\n\t\t\t\t\t\t<div class=\"elementor-container elementor-column-gap-default\">\n\t\t\t\t\t<div data-ha-element-link=\"{&quot;url&quot;:&quot;https:\\\/\\\/www.belgiangreetings.com\\\/wp-content\\\/uploads\\\/2022\\\/10\\\/20220310_popout_DU_201022.pdf&quot;,&quot;is_external&quot;:&quot;on&quot;,&quot;nofollow&quot;:&quot;&quot;}\" style=\"cursor: pointer\" class=\"elementor-column elementor-col-20 elementor-inner-column elementor-element elementor-element-e793a3a\" data-id=\"e793a3a\" data-element_type=\"column\" data-e-type=\"column\">\n\t\t\t<div class=\"elementor-widget-wrap elementor-element-populated\">\n\t\t\t\t\t\t<div class=\"elementor-element elementor-element-99eaf53 elementor-widget elementor-widget-image\" data-id=\"99eaf53\" data-element_type=\"widget\" data-e-type=\"widget\" data-widget_type=\"image.default\">\n\t\t\t\t<div class=\"elementor-widget-container\">\n\t\t\t\t\t\t\t\t\t\t\t\t\t\t\t<img fetchpriority=\"high\" decoding=\"async\" width=\"384\" height=\"256\" src=\"https:\/\/www.belgiangreetings.com\/wp-content\/uploads\/2022\/10\/20220310.png\" class=\"attachment-large size-large wp-image-15464\" alt=\"\" srcset=\"https:\/\/www.belgiangreetings.com\/wp-content\/uploads\/2022\/10\/20220310.png 384w, https:\/\/www.belgiangreetings.com\/wp-content\/uploads\/2022\/10\/20220310-18x12.png 18w\" sizes=\"(max-width: 384px) 100vw, 384px\" \/>\t\t\t\t\t\t\t\t\t\t\t\t\t\t\t<\/div>\n\t\t\t\t<\/div>\n\t\t\t\t<div class=\"elementor-element elementor-element-9cc06ad elementor-widget elementor-widget-heading\" data-id=\"9cc06ad\" data-element_type=\"widget\" data-e-type=\"widget\" data-widget_type=\"heading.default\">\n\t\t\t\t<div class=\"elementor-widget-container\">\n\t\t\t\t\t<h2 class=\"elementor-heading-title elementor-size-default\">Weihnachtskarten mit Pop-Out innen<\/h2>\t\t\t\t<\/div>\n\t\t\t\t<\/div>\n\t\t\t\t<div class=\"elementor-element elementor-element-4f235ac elementor-widget elementor-widget-text-editor\" data-id=\"4f235ac\" data-element_type=\"widget\" data-e-type=\"widget\" data-widget_type=\"text-editor.default\">\n\t\t\t\t<div class=\"elementor-widget-container\">\n\t\t\t\t\t\t\t\t\t<p>mit Goldfolie und farbigen Umschl\u00e4gen<\/p>\t\t\t\t\t\t\t\t<\/div>\n\t\t\t\t<\/div>\n\t\t\t\t\t<\/div>\n\t\t<\/div>\n\t\t\t\t<div data-ha-element-link=\"{&quot;url&quot;:&quot;https:\\\/\\\/www.belgiangreetings.com\\\/wp-content\\\/uploads\\\/2024\\\/10\\\/20230320_-Xmas_Luxuriose_handgefertigte_Karten_281024.pdf&quot;,&quot;is_external&quot;:&quot;on&quot;,&quot;nofollow&quot;:&quot;&quot;}\" style=\"cursor: pointer\" class=\"elementor-column elementor-col-20 elementor-inner-column elementor-element elementor-element-d5f8868\" data-id=\"d5f8868\" data-element_type=\"column\" data-e-type=\"column\">\n\t\t\t<div class=\"elementor-widget-wrap elementor-element-populated\">\n\t\t\t\t\t\t<div class=\"elementor-element elementor-element-f1e6832 elementor-widget elementor-widget-image\" data-id=\"f1e6832\" data-element_type=\"widget\" data-e-type=\"widget\" data-widget_type=\"image.default\">\n\t\t\t\t<div class=\"elementor-widget-container\">\n\t\t\t\t\t\t\t\t\t\t\t\t\t\t\t<img decoding=\"async\" width=\"384\" height=\"256\" src=\"https:\/\/www.belgiangreetings.com\/wp-content\/uploads\/2024\/10\/20230320_-Xmas_Luxuriose_handgefertigte_Karten_281024.png\" class=\"attachment-large size-large wp-image-17964\" alt=\"\" srcset=\"https:\/\/www.belgiangreetings.com\/wp-content\/uploads\/2024\/10\/20230320_-Xmas_Luxuriose_handgefertigte_Karten_281024.png 384w, https:\/\/www.belgiangreetings.com\/wp-content\/uploads\/2024\/10\/20230320_-Xmas_Luxuriose_handgefertigte_Karten_281024-18x12.png 18w\" sizes=\"(max-width: 384px) 100vw, 384px\" \/>\t\t\t\t\t\t\t\t\t\t\t\t\t\t\t<\/div>\n\t\t\t\t<\/div>\n\t\t\t\t<div class=\"elementor-element elementor-element-c7a135c elementor-widget elementor-widget-heading\" data-id=\"c7a135c\" data-element_type=\"widget\" data-e-type=\"widget\" data-widget_type=\"heading.default\">\n\t\t\t\t<div class=\"elementor-widget-container\">\n\t\t\t\t\t<h2 class=\"elementor-heading-title elementor-size-default\"> Xmas Luxuri\u00f6se handgefertigte Karten<\/h2>\t\t\t\t<\/div>\n\t\t\t\t<\/div>\n\t\t\t\t<div class=\"elementor-element elementor-element-f589198 elementor-widget elementor-widget-text-editor\" data-id=\"f589198\" data-element_type=\"widget\" data-e-type=\"widget\" data-widget_type=\"text-editor.default\">\n\t\t\t\t<div class=\"elementor-widget-container\">\n\t\t\t\t\t\t\t\t\t<p>mit Folie oder Glitzer + ca. 5 Applikationen<\/p>\t\t\t\t\t\t\t\t<\/div>\n\t\t\t\t<\/div>\n\t\t\t\t\t<\/div>\n\t\t<\/div>\n\t\t\t\t<div data-ha-element-link=\"{&quot;url&quot;:&quot;https:\\\/\\\/www.belgiangreetings.com\\\/wp-content\\\/uploads\\\/2024\\\/10\\\/20230320_-Xmas_Luxuriose_handgefertigte_Karten_BG_281024.pdf&quot;,&quot;is_external&quot;:&quot;on&quot;,&quot;nofollow&quot;:&quot;&quot;}\" style=\"cursor: pointer\" class=\"elementor-column elementor-col-20 elementor-inner-column elementor-element elementor-element-2997adb\" data-id=\"2997adb\" data-element_type=\"column\" data-e-type=\"column\">\n\t\t\t<div class=\"elementor-widget-wrap elementor-element-populated\">\n\t\t\t\t\t\t<div class=\"elementor-element elementor-element-82536da elementor-widget elementor-widget-image\" data-id=\"82536da\" data-element_type=\"widget\" data-e-type=\"widget\" data-widget_type=\"image.default\">\n\t\t\t\t<div class=\"elementor-widget-container\">\n\t\t\t\t\t\t\t\t\t\t\t\t\t\t\t<img decoding=\"async\" width=\"384\" height=\"256\" src=\"https:\/\/www.belgiangreetings.com\/wp-content\/uploads\/2024\/10\/20230320_-Xmas_Luxuriose_handgefertigte_Karten_BG_281024.png\" class=\"attachment-large size-large wp-image-17966\" alt=\"\" srcset=\"https:\/\/www.belgiangreetings.com\/wp-content\/uploads\/2024\/10\/20230320_-Xmas_Luxuriose_handgefertigte_Karten_BG_281024.png 384w, https:\/\/www.belgiangreetings.com\/wp-content\/uploads\/2024\/10\/20230320_-Xmas_Luxuriose_handgefertigte_Karten_BG_281024-18x12.png 18w\" sizes=\"(max-width: 384px) 100vw, 384px\" \/>\t\t\t\t\t\t\t\t\t\t\t\t\t\t\t<\/div>\n\t\t\t\t<\/div>\n\t\t\t\t<div class=\"elementor-element elementor-element-31198d3 elementor-widget elementor-widget-heading\" data-id=\"31198d3\" data-element_type=\"widget\" data-e-type=\"widget\" data-widget_type=\"heading.default\">\n\t\t\t\t<div class=\"elementor-widget-container\">\n\t\t\t\t\t<h2 class=\"elementor-heading-title elementor-size-default\"> Xmas Black &amp; Gold Karten<\/h2>\t\t\t\t<\/div>\n\t\t\t\t<\/div>\n\t\t\t\t<div class=\"elementor-element elementor-element-f055da8 elementor-widget elementor-widget-text-editor\" data-id=\"f055da8\" data-element_type=\"widget\" data-e-type=\"widget\" data-widget_type=\"text-editor.default\">\n\t\t\t\t<div class=\"elementor-widget-container\">\n\t\t\t\t\t\t\t\t\t<p>mit Silberfolie und Goldfolie + Umschl\u00e4gen mit Goldfolieumrandung<\/p>\t\t\t\t\t\t\t\t<\/div>\n\t\t\t\t<\/div>\n\t\t\t\t\t<\/div>\n\t\t<\/div>\n\t\t\t\t<div data-ha-element-link=\"{&quot;url&quot;:&quot;https:\\\/\\\/www.belgiangreetings.com\\\/wp-content\\\/uploads\\\/2024\\\/10\\\/20230320_20230302_-Xmas_Luxuriose_handgefertigte_Karten_281024.pdf&quot;,&quot;is_external&quot;:&quot;on&quot;,&quot;nofollow&quot;:&quot;&quot;}\" style=\"cursor: pointer\" class=\"elementor-column elementor-col-20 elementor-inner-column elementor-element elementor-element-1750435\" data-id=\"1750435\" data-element_type=\"column\" data-e-type=\"column\">\n\t\t\t<div class=\"elementor-widget-wrap elementor-element-populated\">\n\t\t\t\t\t\t<div class=\"elementor-element elementor-element-7eb0043 elementor-widget elementor-widget-image\" data-id=\"7eb0043\" data-element_type=\"widget\" data-e-type=\"widget\" data-widget_type=\"image.default\">\n\t\t\t\t<div class=\"elementor-widget-container\">\n\t\t\t\t\t\t\t\t\t\t\t\t\t\t\t<img loading=\"lazy\" decoding=\"async\" width=\"384\" height=\"256\" src=\"https:\/\/www.belgiangreetings.com\/wp-content\/uploads\/2024\/10\/20230320_20230302_-Xmas_Luxuriose_handgefertigte_Karten_281024.png\" class=\"attachment-large size-large wp-image-17968\" alt=\"\" srcset=\"https:\/\/www.belgiangreetings.com\/wp-content\/uploads\/2024\/10\/20230320_20230302_-Xmas_Luxuriose_handgefertigte_Karten_281024.png 384w, https:\/\/www.belgiangreetings.com\/wp-content\/uploads\/2024\/10\/20230320_20230302_-Xmas_Luxuriose_handgefertigte_Karten_281024-18x12.png 18w\" sizes=\"(max-width: 384px) 100vw, 384px\" \/>\t\t\t\t\t\t\t\t\t\t\t\t\t\t\t<\/div>\n\t\t\t\t<\/div>\n\t\t\t\t<div class=\"elementor-element elementor-element-c8420b4 elementor-widget elementor-widget-heading\" data-id=\"c8420b4\" data-element_type=\"widget\" data-e-type=\"widget\" data-widget_type=\"heading.default\">\n\t\t\t\t<div class=\"elementor-widget-container\">\n\t\t\t\t\t<h2 class=\"elementor-heading-title elementor-size-default\">Xmas Karten<\/h2>\t\t\t\t<\/div>\n\t\t\t\t<\/div>\n\t\t\t\t<div class=\"elementor-element elementor-element-5589f9c elementor-widget elementor-widget-text-editor\" data-id=\"5589f9c\" data-element_type=\"widget\" data-e-type=\"widget\" data-widget_type=\"text-editor.default\">\n\t\t\t\t<div class=\"elementor-widget-container\">\n\t\t\t\t\t\t\t\t\t<p>\u00a0mit Goldfolie + Pr\u00e4gung + wei\u00dfen Umschl\u00e4gen<\/p>\t\t\t\t\t\t\t\t<\/div>\n\t\t\t\t<\/div>\n\t\t\t\t\t<\/div>\n\t\t<\/div>\n\t\t\t\t<div data-ha-element-link=\"{&quot;url&quot;:&quot;https:\\\/\\\/www.belgiangreetings.com\\\/wp-content\\\/uploads\\\/2024\\\/10\\\/20220310_Xmas_Pop-Up_Karten_281024.pdf&quot;,&quot;is_external&quot;:&quot;on&quot;,&quot;nofollow&quot;:&quot;&quot;}\" style=\"cursor: pointer\" class=\"elementor-column elementor-col-20 elementor-inner-column elementor-element elementor-element-ef4a1d7\" data-id=\"ef4a1d7\" data-element_type=\"column\" data-e-type=\"column\">\n\t\t\t<div class=\"elementor-widget-wrap elementor-element-populated\">\n\t\t\t\t\t\t<div class=\"elementor-element elementor-element-3b8993e elementor-widget elementor-widget-image\" data-id=\"3b8993e\" data-element_type=\"widget\" data-e-type=\"widget\" data-widget_type=\"image.default\">\n\t\t\t\t<div class=\"elementor-widget-container\">\n\t\t\t\t\t\t\t\t\t\t\t\t\t\t\t<img loading=\"lazy\" decoding=\"async\" width=\"384\" height=\"256\" src=\"https:\/\/www.belgiangreetings.com\/wp-content\/uploads\/2024\/10\/20220310_Xmas_Pop-Up_Karten_281024.png\" class=\"attachment-large size-large wp-image-17970\" alt=\"\" srcset=\"https:\/\/www.belgiangreetings.com\/wp-content\/uploads\/2024\/10\/20220310_Xmas_Pop-Up_Karten_281024.png 384w, https:\/\/www.belgiangreetings.com\/wp-content\/uploads\/2024\/10\/20220310_Xmas_Pop-Up_Karten_281024-18x12.png 18w\" sizes=\"(max-width: 384px) 100vw, 384px\" \/>\t\t\t\t\t\t\t\t\t\t\t\t\t\t\t<\/div>\n\t\t\t\t<\/div>\n\t\t\t\t<div class=\"elementor-element elementor-element-db004c1 elementor-widget elementor-widget-heading\" data-id=\"db004c1\" data-element_type=\"widget\" data-e-type=\"widget\" data-widget_type=\"heading.default\">\n\t\t\t\t<div class=\"elementor-widget-container\">\n\t\t\t\t\t<h2 class=\"elementor-heading-title elementor-size-default\"> Xmas Pop-Up Karten<\/h2>\t\t\t\t<\/div>\n\t\t\t\t<\/div>\n\t\t\t\t<div class=\"elementor-element elementor-element-6267130 elementor-widget elementor-widget-text-editor\" data-id=\"6267130\" data-element_type=\"widget\" data-e-type=\"widget\" data-widget_type=\"text-editor.default\">\n\t\t\t\t<div class=\"elementor-widget-container\">\n\t\t\t\t\t\t\t\t\t<p>mit Goldfolie + farbigen Umschl\u00e4gen<\/p>\t\t\t\t\t\t\t\t<\/div>\n\t\t\t\t<\/div>\n\t\t\t\t\t<\/div>\n\t\t<\/div>\n\t\t\t\t\t<\/div>\n\t\t<\/section>\n\t\t\t\t\t<\/div>\n\t\t<\/div>\n\t\t\t\t\t<\/div>\n\t\t<\/section>\n\t\t\t\t<\/div>\n\t\t","protected":false},"excerpt":{"rendered":"<p>Products &gt; Greeting Cards Christmas Cards in stock Cards can be ordered from our stock. Contact us for more information. Nederlands English Fran\u00e7ais Deutsch Weihnachtskarten mit Pop-Out innen mit Goldfolie und farbigen Umschl\u00e4gen Xmas Luxuri\u00f6se handgefertigte Karten mit Folie oder Glitzer + ca. 5 Applikationen Xmas Black &amp; Gold Karten mit Silberfolie und Goldfolie + [&hellip;]<\/p>\n","protected":false},"author":7121,"featured_media":0,"parent":0,"menu_order":0,"comment_status":"closed","ping_status":"closed","template":"","meta":{"_monsterinsights_skip_tracking":false,"_monsterinsights_sitenote_active":false,"_monsterinsights_sitenote_note":"","_monsterinsights_sitenote_category":0,"footnotes":""},"class_list":["post-15462","page","type-page","status-publish","hentry"],"_links":{"self":[{"href":"https:\/\/www.belgiangreetings.com\/en\/wp-json\/wp\/v2\/pages\/15462","targetHints":{"allow":["GET"]}}],"collection":[{"href":"https:\/\/www.belgiangreetings.com\/en\/wp-json\/wp\/v2\/pages"}],"about":[{"href":"https:\/\/www.belgiangreetings.com\/en\/wp-json\/wp\/v2\/types\/page"}],"author":[{"embeddable":true,"href":"https:\/\/www.belgiangreetings.com\/en\/wp-json\/wp\/v2\/users\/7121"}],"replies":[{"embeddable":true,"href":"https:\/\/www.belgiangreetings.com\/en\/wp-json\/wp\/v2\/comments?post=15462"}],"version-history":[{"count":13,"href":"https:\/\/www.belgiangreetings.com\/en\/wp-json\/wp\/v2\/pages\/15462\/revisions"}],"predecessor-version":[{"id":17997,"href":"https:\/\/www.belgiangreetings.com\/en\/wp-json\/wp\/v2\/pages\/15462\/revisions\/17997"}],"wp:attachment":[{"href":"https:\/\/www.belgiangreetings.com\/en\/wp-json\/wp\/v2\/media?parent=15462"}],"curies":[{"name":"wp","href":"https:\/\/api.w.org\/{rel}","templated":true}]}}